{"id":7111,"date":"2024-07-10T18:44:44","date_gmt":"2024-07-10T18:44:44","guid":{"rendered":"https:\/\/climatecommunications.earth\/contacto\/"},"modified":"2024-08-09T22:30:48","modified_gmt":"2024-08-09T22:30:48","slug":"contacto","status":"publish","type":"page","link":"https:\/\/climatecommunications.earth\/es\/acerca-de\/contacto\/","title":{"rendered":"Contacto"},"content":{"rendered":"\t\t<div data-elementor-type=\"wp-page\" data-elementor-id=\"7111\" class=\"elementor elementor-7111 elementor-4313\" data-elementor-post-type=\"page\">\n\t\t\t\t<div class=\"elementor-element elementor-element-84ee80e e-con-full e-flex e-con e-parent\" data-id=\"84ee80e\" data-element_type=\"container\" data-e-type=\"container\" id=\"contact-form\">\n\t\t\t\t<div class=\"elementor-element elementor-element-b548c16 elementor-widget elementor-widget-shortcode\" data-id=\"b548c16\" data-element_type=\"widget\" data-e-type=\"widget\" data-widget_type=\"shortcode.default\">\n\t\t\t\t<div class=\"elementor-widget-container\">\n\t\t\t\t\t\t\t<div class=\"elementor-shortcode\">\n<div class=\"wpcf7 no-js\" id=\"wpcf7-f7509-o1\" lang=\"es-ES\" dir=\"ltr\" data-wpcf7-id=\"7509\">\n<div class=\"screen-reader-response\"><p role=\"status\" aria-live=\"polite\" aria-atomic=\"true\"><\/p> <ul><\/ul><\/div>\n<form action=\"\/es\/wp-json\/wp\/v2\/pages\/7111#wpcf7-f7509-o1\" method=\"post\" class=\"wpcf7-form init\" aria-label=\"Formulario de contacto\" novalidate=\"novalidate\" data-status=\"init\">\n<fieldset class=\"hidden-fields-container\"><input type=\"hidden\" name=\"_wpcf7\" value=\"7509\" \/><input type=\"hidden\" name=\"_wpcf7_version\" value=\"6.1.5\" \/><input type=\"hidden\" name=\"_wpcf7_locale\" value=\"es_ES\" \/><input type=\"hidden\" name=\"_wpcf7_unit_tag\" value=\"wpcf7-f7509-o1\" \/><input type=\"hidden\" name=\"_wpcf7_container_post\" value=\"0\" \/><input type=\"hidden\" name=\"_wpcf7_posted_data_hash\" value=\"\" \/><input type=\"hidden\" name=\"_wpcf7_recaptcha_response\" value=\"\" \/>\n<\/fieldset>\n<p><label for=\"name\">Su nombre (*)<\/label>\n<\/p>\n<p><span class=\"wpcf7-form-control-wrap\" data-name=\"your-name\"><input size=\"40\" maxlength=\"400\" class=\"wpcf7-form-control wpcf7-text wpcf7-validates-as-required\" id=\"name\" aria-required=\"true\" aria-invalid=\"false\" value=\"\" type=\"text\" name=\"your-name\" \/><\/span>\n<\/p>\n<p><label for=\"email\">Su correo electr\u00f3nico (*)<\/label>\n<\/p>\n<p><span class=\"wpcf7-form-control-wrap\" data-name=\"your-email\"><input size=\"40\" maxlength=\"400\" class=\"wpcf7-form-control wpcf7-email wpcf7-validates-as-required wpcf7-text wpcf7-validates-as-email\" id=\"email\" aria-required=\"true\" aria-invalid=\"false\" value=\"\" type=\"email\" name=\"your-email\" \/><\/span>\n<\/p>\n<p><label for=\"subject\">Asunto<\/label>\n<\/p>\n<p><span class=\"wpcf7-form-control-wrap\" data-name=\"your-subject\"><input size=\"40\" maxlength=\"400\" class=\"wpcf7-form-control wpcf7-text\" id=\"subject\" aria-invalid=\"false\" value=\"\" type=\"text\" name=\"your-subject\" \/><\/span>\n<\/p>\n<p><label for=\"message\">Su mensaje<\/label>\n<\/p>\n<p><span class=\"wpcf7-form-control-wrap\" data-name=\"your-message\"><textarea cols=\"40\" rows=\"4\" maxlength=\"2000\" class=\"wpcf7-form-control wpcf7-textarea\" id=\"message\" aria-invalid=\"false\" name=\"your-message\"><\/textarea><\/span>\n<\/p>\n<p><input class=\"wpcf7-form-control wpcf7-submit has-spinner\" type=\"submit\" value=\"Enviar\" \/>\n<\/p><div class=\"wpcf7-response-output\" aria-hidden=\"true\"><\/div>\n<\/form>\n<\/div>\n<\/div>\n\t\t\t\t\t\t<\/div>\n\t\t\t\t<\/div>\n\t\t\t\t<\/div>\n\t\t\t\t<\/div>\n\t\t","protected":false},"excerpt":{"rendered":"","protected":false},"author":3,"featured_media":0,"parent":7140,"menu_order":0,"comment_status":"closed","ping_status":"closed","template":"","meta":{"footnotes":""},"class_list":["post-7111","page","type-page","status-publish","hentry"],"yoast_head":"<!-- This site is optimized with the Yoast SEO plugin v27.3 - https:\/\/yoast.com\/product\/yoast-seo-wordpress\/ -->\n<title>Una nueva era en la comunicaci\u00f3n clim\u00e1tica - Contacto<\/title>\n<meta name=\"description\" content=\"Una nueva era en la comunicaci\u00f3n clim\u00e1tica - Contacto\" \/>\n<meta name=\"robots\" content=\"index, follow, max-snippet:-1, max-image-preview:large, max-video-preview:-1\" \/>\n<link rel=\"canonical\" href=\"https:\/\/climatecommunications.earth\/es\/acerca-de\/contacto\/\" \/>\n<meta property=\"og:locale\" content=\"es_ES\" \/>\n<meta property=\"og:type\" content=\"article\" \/>\n<meta property=\"og:title\" content=\"Una nueva era en la comunicaci\u00f3n clim\u00e1tica - Contacto\" \/>\n<meta property=\"og:description\" content=\"Una nueva era en la comunicaci\u00f3n clim\u00e1tica - Contacto\" \/>\n<meta property=\"og:url\" content=\"https:\/\/climatecommunications.earth\/es\/acerca-de\/contacto\/\" \/>\n<meta property=\"og:site_name\" content=\"A New Era in Climate Communications\" \/>\n<meta property=\"article:modified_time\" content=\"2024-08-09T22:30:48+00:00\" \/>\n<meta name=\"twitter:card\" content=\"summary_large_image\" \/>\n<script type=\"application\/ld+json\" class=\"yoast-schema-graph\">{\"@context\":\"https:\\\/\\\/schema.org\",\"@graph\":[{\"@type\":\"WebPage\",\"@id\":\"https:\\\/\\\/climatecommunications.earth\\\/es\\\/acerca-de\\\/contacto\\\/\",\"url\":\"https:\\\/\\\/climatecommunications.earth\\\/es\\\/acerca-de\\\/contacto\\\/\",\"name\":\"Una nueva era en la comunicaci\u00f3n clim\u00e1tica - Contacto\",\"isPartOf\":{\"@id\":\"https:\\\/\\\/climatecommunications.earth\\\/es\\\/#website\"},\"datePublished\":\"2024-07-10T18:44:44+00:00\",\"dateModified\":\"2024-08-09T22:30:48+00:00\",\"description\":\"Una nueva era en la comunicaci\u00f3n clim\u00e1tica - Contacto\",\"breadcrumb\":{\"@id\":\"https:\\\/\\\/climatecommunications.earth\\\/es\\\/acerca-de\\\/contacto\\\/#breadcrumb\"},\"inLanguage\":\"es\",\"potentialAction\":[{\"@type\":\"ReadAction\",\"target\":[\"https:\\\/\\\/climatecommunications.earth\\\/es\\\/acerca-de\\\/contacto\\\/\"]}]},{\"@type\":\"BreadcrumbList\",\"@id\":\"https:\\\/\\\/climatecommunications.earth\\\/es\\\/acerca-de\\\/contacto\\\/#breadcrumb\",\"itemListElement\":[{\"@type\":\"ListItem\",\"position\":1,\"name\":\"Home\",\"item\":\"https:\\\/\\\/climatecommunications.earth\\\/es\\\/\"},{\"@type\":\"ListItem\",\"position\":2,\"name\":\"Acerca de\",\"item\":\"https:\\\/\\\/climatecommunications.earth\\\/es\\\/acerca-de\\\/\"},{\"@type\":\"ListItem\",\"position\":3,\"name\":\"Contacto\"}]},{\"@type\":\"WebSite\",\"@id\":\"https:\\\/\\\/climatecommunications.earth\\\/es\\\/#website\",\"url\":\"https:\\\/\\\/climatecommunications.earth\\\/es\\\/\",\"name\":\"A New Era in Climate Communications\",\"description\":\"\",\"publisher\":{\"@id\":\"https:\\\/\\\/climatecommunications.earth\\\/es\\\/#organization\"},\"potentialAction\":[{\"@type\":\"SearchAction\",\"target\":{\"@type\":\"EntryPoint\",\"urlTemplate\":\"https:\\\/\\\/climatecommunications.earth\\\/es\\\/?s={search_term_string}\"},\"query-input\":{\"@type\":\"PropertyValueSpecification\",\"valueRequired\":true,\"valueName\":\"search_term_string\"}}],\"inLanguage\":\"es\"},{\"@type\":\"Organization\",\"@id\":\"https:\\\/\\\/climatecommunications.earth\\\/es\\\/#organization\",\"name\":\"New Zero World\",\"url\":\"https:\\\/\\\/climatecommunications.earth\\\/es\\\/\",\"logo\":{\"@type\":\"ImageObject\",\"inLanguage\":\"es\",\"@id\":\"https:\\\/\\\/climatecommunications.earth\\\/es\\\/#\\\/schema\\\/logo\\\/image\\\/\",\"url\":\"https:\\\/\\\/climatecommunications.earth\\\/wp-content\\\/uploads\\\/2023\\\/11\\\/65fc5cb892d8b14a5a262b91_download_thumb_expandedv2.png\",\"contentUrl\":\"https:\\\/\\\/climatecommunications.earth\\\/wp-content\\\/uploads\\\/2023\\\/11\\\/65fc5cb892d8b14a5a262b91_download_thumb_expandedv2.png\",\"width\":455,\"height\":303,\"caption\":\"New Zero World\"},\"image\":{\"@id\":\"https:\\\/\\\/climatecommunications.earth\\\/es\\\/#\\\/schema\\\/logo\\\/image\\\/\"}}]}<\/script>\n<!-- \/ Yoast SEO plugin. -->","yoast_head_json":{"title":"Una nueva era en la comunicaci\u00f3n clim\u00e1tica - Contacto","description":"Una nueva era en la comunicaci\u00f3n clim\u00e1tica - Contacto","robots":{"index":"index","follow":"follow","max-snippet":"max-snippet:-1","max-image-preview":"max-image-preview:large","max-video-preview":"max-video-preview:-1"},"canonical":"https:\/\/climatecommunications.earth\/es\/acerca-de\/contacto\/","og_locale":"es_ES","og_type":"article","og_title":"Una nueva era en la comunicaci\u00f3n clim\u00e1tica - Contacto","og_description":"Una nueva era en la comunicaci\u00f3n clim\u00e1tica - Contacto","og_url":"https:\/\/climatecommunications.earth\/es\/acerca-de\/contacto\/","og_site_name":"A New Era in Climate Communications","article_modified_time":"2024-08-09T22:30:48+00:00","twitter_card":"summary_large_image","schema":{"@context":"https:\/\/schema.org","@graph":[{"@type":"WebPage","@id":"https:\/\/climatecommunications.earth\/es\/acerca-de\/contacto\/","url":"https:\/\/climatecommunications.earth\/es\/acerca-de\/contacto\/","name":"Una nueva era en la comunicaci\u00f3n clim\u00e1tica - Contacto","isPartOf":{"@id":"https:\/\/climatecommunications.earth\/es\/#website"},"datePublished":"2024-07-10T18:44:44+00:00","dateModified":"2024-08-09T22:30:48+00:00","description":"Una nueva era en la comunicaci\u00f3n clim\u00e1tica - Contacto","breadcrumb":{"@id":"https:\/\/climatecommunications.earth\/es\/acerca-de\/contacto\/#breadcrumb"},"inLanguage":"es","potentialAction":[{"@type":"ReadAction","target":["https:\/\/climatecommunications.earth\/es\/acerca-de\/contacto\/"]}]},{"@type":"BreadcrumbList","@id":"https:\/\/climatecommunications.earth\/es\/acerca-de\/contacto\/#breadcrumb","itemListElement":[{"@type":"ListItem","position":1,"name":"Home","item":"https:\/\/climatecommunications.earth\/es\/"},{"@type":"ListItem","position":2,"name":"Acerca de","item":"https:\/\/climatecommunications.earth\/es\/acerca-de\/"},{"@type":"ListItem","position":3,"name":"Contacto"}]},{"@type":"WebSite","@id":"https:\/\/climatecommunications.earth\/es\/#website","url":"https:\/\/climatecommunications.earth\/es\/","name":"A New Era in Climate Communications","description":"","publisher":{"@id":"https:\/\/climatecommunications.earth\/es\/#organization"},"potentialAction":[{"@type":"SearchAction","target":{"@type":"EntryPoint","urlTemplate":"https:\/\/climatecommunications.earth\/es\/?s={search_term_string}"},"query-input":{"@type":"PropertyValueSpecification","valueRequired":true,"valueName":"search_term_string"}}],"inLanguage":"es"},{"@type":"Organization","@id":"https:\/\/climatecommunications.earth\/es\/#organization","name":"New Zero World","url":"https:\/\/climatecommunications.earth\/es\/","logo":{"@type":"ImageObject","inLanguage":"es","@id":"https:\/\/climatecommunications.earth\/es\/#\/schema\/logo\/image\/","url":"https:\/\/climatecommunications.earth\/wp-content\/uploads\/2023\/11\/65fc5cb892d8b14a5a262b91_download_thumb_expandedv2.png","contentUrl":"https:\/\/climatecommunications.earth\/wp-content\/uploads\/2023\/11\/65fc5cb892d8b14a5a262b91_download_thumb_expandedv2.png","width":455,"height":303,"caption":"New Zero World"},"image":{"@id":"https:\/\/climatecommunications.earth\/es\/#\/schema\/logo\/image\/"}}]}},"_links":{"self":[{"href":"https:\/\/climatecommunications.earth\/es\/wp-json\/wp\/v2\/pages\/7111","targetHints":{"allow":["GET"]}}],"collection":[{"href":"https:\/\/climatecommunications.earth\/es\/wp-json\/wp\/v2\/pages"}],"about":[{"href":"https:\/\/climatecommunications.earth\/es\/wp-json\/wp\/v2\/types\/page"}],"author":[{"embeddable":true,"href":"https:\/\/climatecommunications.earth\/es\/wp-json\/wp\/v2\/users\/3"}],"replies":[{"embeddable":true,"href":"https:\/\/climatecommunications.earth\/es\/wp-json\/wp\/v2\/comments?post=7111"}],"version-history":[{"count":1,"href":"https:\/\/climatecommunications.earth\/es\/wp-json\/wp\/v2\/pages\/7111\/revisions"}],"predecessor-version":[{"id":7112,"href":"https:\/\/climatecommunications.earth\/es\/wp-json\/wp\/v2\/pages\/7111\/revisions\/7112"}],"up":[{"embeddable":true,"href":"https:\/\/climatecommunications.earth\/es\/wp-json\/wp\/v2\/pages\/7140"}],"wp:attachment":[{"href":"https:\/\/climatecommunications.earth\/es\/wp-json\/wp\/v2\/media?parent=7111"}],"curies":[{"name":"wp","href":"https:\/\/api.w.org\/{rel}","templated":true}]}}