{"id":7115,"date":"2024-07-10T18:44:11","date_gmt":"2024-07-10T18:44:11","guid":{"rendered":"https:\/\/climatecommunications.earth\/agradecimientos-especiales\/"},"modified":"2024-08-09T22:30:48","modified_gmt":"2024-08-09T22:30:48","slug":"agradecimientos-especiales","status":"publish","type":"page","link":"https:\/\/climatecommunications.earth\/es\/acerca-de\/agradecimientos-especiales\/","title":{"rendered":"Agradecimientos especiales"},"content":{"rendered":"\t\t<div data-elementor-type=\"wp-page\" data-elementor-id=\"7115\" class=\"elementor elementor-7115 elementor-4309\" data-elementor-post-type=\"page\">\n\t\t\t\t<div class=\"elementor-element elementor-element-d3fd1bb e-con-full e-flex elementor-invisible e-con e-parent\" data-id=\"d3fd1bb\" data-element_type=\"container\" data-e-type=\"container\" data-settings=\"{&quot;animation&quot;:&quot;fadeInUp&quot;}\">\n\t\t\t\t<div class=\"elementor-element elementor-element-4b12bbc elementor-widget elementor-widget-text-editor\" data-id=\"4b12bbc\" data-element_type=\"widget\" data-e-type=\"widget\" data-widget_type=\"text-editor.default\">\n\t\t\t\t<div class=\"elementor-widget-container\">\n\t\t\t\t\t\t\t\t\t<p>Con un sincero agradecimiento a todos los que han apoyado esta iniciativa hecha realidad&#8230;<\/p>\n\t\t\t\t\t\t\t\t<\/div>\n\t\t\t\t<\/div>\n\t\t\t\t<div class=\"elementor-element elementor-element-09db676 elementor-widget elementor-widget-text-editor\" data-id=\"09db676\" data-element_type=\"widget\" data-e-type=\"widget\" data-widget_type=\"text-editor.default\">\n\t\t\t\t<div class=\"elementor-widget-container\">\n\t\t\t\t\t\t\t\t\t<p><strong>Jane Madgwick &#8211; <\/strong>Directora Ejecutiva de la Global Commons Alliance<\/p>\n<p><strong>Jean-Marc Papi &#8211; Horizon Media<\/strong><\/p>\n<p><strong>Anthony Leiserowitz &#8211; <\/strong>Escuela de Medio Ambiente de Yale<\/p>\n<p><strong>Elijah McKenzie &#8211; Jackson, <\/strong>Artista y activista<\/p>\n<p><strong>Linda Lopez &#8211; <\/strong>Global Commons Alliance<\/p>\n<p><strong>Maher Nasser &#8211; <\/strong>Departamento de Comunicaciones Globales de las Naciones Unidas<\/p>\n<p><strong>Shyla Raghav &#8211;<\/strong> Cofundador de Time CO2<\/p>\n<p><strong>Sweta Chakraborty &#8211; <\/strong>Fundador &#8211; We Don&#8217;t Have Time<\/p>\n<p><strong>PJ Pereira &#8211; <\/strong>Escritor brasile\u00f1o<\/p>\n<p><strong>Susan Joy Hassol &#8211; <\/strong>Director de Comunicaci\u00f3n Clim\u00e1tica<\/p>\n<p><strong>Michael Mann &#8211; <\/strong>Fondo de Defensa Legal de la Ciencia del Clima<\/p>\n\t\t\t\t\t\t\t\t<\/div>\n\t\t\t\t<\/div>\n\t\t\t\t<\/div>\n\t\t\t\t<\/div>\n\t\t","protected":false},"excerpt":{"rendered":"<p>Con un sincero agradecimiento a todos los que han apoyado esta iniciativa hecha realidad&#8230; Jane Madgwick &#8211; Directora Ejecutiva de la Global Commons Alliance Jean-Marc Papi &#8211; Horizon Media Anthony Leiserowitz &#8211; Escuela de Medio Ambiente de Yale Elijah McKenzie &#8211; Jackson, Artista y activista Linda Lopez &#8211; Global Commons Alliance Maher Nasser &#8211; Departamento [&hellip;]<\/p>\n","protected":false},"author":3,"featured_media":0,"parent":7140,"menu_order":0,"comment_status":"closed","ping_status":"closed","template":"elementor_theme","meta":{"footnotes":""},"class_list":["post-7115","page","type-page","status-publish","hentry"],"yoast_head":"<!-- This site is optimized with the Yoast SEO plugin v27.4 - https:\/\/yoast.com\/product\/yoast-seo-wordpress\/ -->\n<title>Una nueva era en la comunicaci\u00f3n clim\u00e1tica - Agradecimientos especiales<\/title>\n<meta name=\"description\" content=\"Una nueva era en la comunicaci\u00f3n clim\u00e1tica - Agradecimientos especiales\" \/>\n<meta name=\"robots\" content=\"index, follow, max-snippet:-1, max-image-preview:large, max-video-preview:-1\" \/>\n<link rel=\"canonical\" href=\"https:\/\/climatecommunications.earth\/es\/acerca-de\/agradecimientos-especiales\/\" \/>\n<meta property=\"og:locale\" content=\"es_ES\" \/>\n<meta property=\"og:type\" content=\"article\" \/>\n<meta property=\"og:title\" content=\"Una nueva era en la comunicaci\u00f3n clim\u00e1tica - Agradecimientos especiales\" \/>\n<meta property=\"og:description\" content=\"Una nueva era en la comunicaci\u00f3n clim\u00e1tica - Agradecimientos especiales\" \/>\n<meta property=\"og:url\" content=\"https:\/\/climatecommunications.earth\/es\/acerca-de\/agradecimientos-especiales\/\" \/>\n<meta property=\"og:site_name\" content=\"A New Era in Climate Communications\" \/>\n<meta property=\"article:modified_time\" content=\"2024-08-09T22:30:48+00:00\" \/>\n<meta name=\"twitter:card\" content=\"summary_large_image\" \/>\n<meta name=\"twitter:label1\" content=\"Tiempo de lectura\" \/>\n\t<meta name=\"twitter:data1\" content=\"1 minuto\" \/>\n<script type=\"application\/ld+json\" class=\"yoast-schema-graph\">{\"@context\":\"https:\\\/\\\/schema.org\",\"@graph\":[{\"@type\":\"WebPage\",\"@id\":\"https:\\\/\\\/climatecommunications.earth\\\/es\\\/acerca-de\\\/agradecimientos-especiales\\\/\",\"url\":\"https:\\\/\\\/climatecommunications.earth\\\/es\\\/acerca-de\\\/agradecimientos-especiales\\\/\",\"name\":\"Una nueva era en la comunicaci\u00f3n clim\u00e1tica - Agradecimientos especiales\",\"isPartOf\":{\"@id\":\"https:\\\/\\\/climatecommunications.earth\\\/es\\\/#website\"},\"datePublished\":\"2024-07-10T18:44:11+00:00\",\"dateModified\":\"2024-08-09T22:30:48+00:00\",\"description\":\"Una nueva era en la comunicaci\u00f3n clim\u00e1tica - Agradecimientos especiales\",\"breadcrumb\":{\"@id\":\"https:\\\/\\\/climatecommunications.earth\\\/es\\\/acerca-de\\\/agradecimientos-especiales\\\/#breadcrumb\"},\"inLanguage\":\"es\",\"potentialAction\":[{\"@type\":\"ReadAction\",\"target\":[\"https:\\\/\\\/climatecommunications.earth\\\/es\\\/acerca-de\\\/agradecimientos-especiales\\\/\"]}]},{\"@type\":\"BreadcrumbList\",\"@id\":\"https:\\\/\\\/climatecommunications.earth\\\/es\\\/acerca-de\\\/agradecimientos-especiales\\\/#breadcrumb\",\"itemListElement\":[{\"@type\":\"ListItem\",\"position\":1,\"name\":\"Home\",\"item\":\"https:\\\/\\\/climatecommunications.earth\\\/es\\\/\"},{\"@type\":\"ListItem\",\"position\":2,\"name\":\"Acerca de\",\"item\":\"https:\\\/\\\/climatecommunications.earth\\\/es\\\/acerca-de\\\/\"},{\"@type\":\"ListItem\",\"position\":3,\"name\":\"Agradecimientos especiales\"}]},{\"@type\":\"WebSite\",\"@id\":\"https:\\\/\\\/climatecommunications.earth\\\/es\\\/#website\",\"url\":\"https:\\\/\\\/climatecommunications.earth\\\/es\\\/\",\"name\":\"A New Era in Climate Communications\",\"description\":\"\",\"publisher\":{\"@id\":\"https:\\\/\\\/climatecommunications.earth\\\/es\\\/#organization\"},\"potentialAction\":[{\"@type\":\"SearchAction\",\"target\":{\"@type\":\"EntryPoint\",\"urlTemplate\":\"https:\\\/\\\/climatecommunications.earth\\\/es\\\/?s={search_term_string}\"},\"query-input\":{\"@type\":\"PropertyValueSpecification\",\"valueRequired\":true,\"valueName\":\"search_term_string\"}}],\"inLanguage\":\"es\"},{\"@type\":\"Organization\",\"@id\":\"https:\\\/\\\/climatecommunications.earth\\\/es\\\/#organization\",\"name\":\"New Zero World\",\"url\":\"https:\\\/\\\/climatecommunications.earth\\\/es\\\/\",\"logo\":{\"@type\":\"ImageObject\",\"inLanguage\":\"es\",\"@id\":\"https:\\\/\\\/climatecommunications.earth\\\/es\\\/#\\\/schema\\\/logo\\\/image\\\/\",\"url\":\"https:\\\/\\\/climatecommunications.earth\\\/wp-content\\\/uploads\\\/2023\\\/11\\\/65fc5cb892d8b14a5a262b91_download_thumb_expandedv2.png\",\"contentUrl\":\"https:\\\/\\\/climatecommunications.earth\\\/wp-content\\\/uploads\\\/2023\\\/11\\\/65fc5cb892d8b14a5a262b91_download_thumb_expandedv2.png\",\"width\":455,\"height\":303,\"caption\":\"New Zero World\"},\"image\":{\"@id\":\"https:\\\/\\\/climatecommunications.earth\\\/es\\\/#\\\/schema\\\/logo\\\/image\\\/\"}}]}<\/script>\n<!-- \/ Yoast SEO plugin. -->","yoast_head_json":{"title":"Una nueva era en la comunicaci\u00f3n clim\u00e1tica - Agradecimientos especiales","description":"Una nueva era en la comunicaci\u00f3n clim\u00e1tica - Agradecimientos especiales","robots":{"index":"index","follow":"follow","max-snippet":"max-snippet:-1","max-image-preview":"max-image-preview:large","max-video-preview":"max-video-preview:-1"},"canonical":"https:\/\/climatecommunications.earth\/es\/acerca-de\/agradecimientos-especiales\/","og_locale":"es_ES","og_type":"article","og_title":"Una nueva era en la comunicaci\u00f3n clim\u00e1tica - Agradecimientos especiales","og_description":"Una nueva era en la comunicaci\u00f3n clim\u00e1tica - Agradecimientos especiales","og_url":"https:\/\/climatecommunications.earth\/es\/acerca-de\/agradecimientos-especiales\/","og_site_name":"A New Era in Climate Communications","article_modified_time":"2024-08-09T22:30:48+00:00","twitter_card":"summary_large_image","twitter_misc":{"Tiempo de lectura":"1 minuto"},"schema":{"@context":"https:\/\/schema.org","@graph":[{"@type":"WebPage","@id":"https:\/\/climatecommunications.earth\/es\/acerca-de\/agradecimientos-especiales\/","url":"https:\/\/climatecommunications.earth\/es\/acerca-de\/agradecimientos-especiales\/","name":"Una nueva era en la comunicaci\u00f3n clim\u00e1tica - Agradecimientos especiales","isPartOf":{"@id":"https:\/\/climatecommunications.earth\/es\/#website"},"datePublished":"2024-07-10T18:44:11+00:00","dateModified":"2024-08-09T22:30:48+00:00","description":"Una nueva era en la comunicaci\u00f3n clim\u00e1tica - Agradecimientos especiales","breadcrumb":{"@id":"https:\/\/climatecommunications.earth\/es\/acerca-de\/agradecimientos-especiales\/#breadcrumb"},"inLanguage":"es","potentialAction":[{"@type":"ReadAction","target":["https:\/\/climatecommunications.earth\/es\/acerca-de\/agradecimientos-especiales\/"]}]},{"@type":"BreadcrumbList","@id":"https:\/\/climatecommunications.earth\/es\/acerca-de\/agradecimientos-especiales\/#breadcrumb","itemListElement":[{"@type":"ListItem","position":1,"name":"Home","item":"https:\/\/climatecommunications.earth\/es\/"},{"@type":"ListItem","position":2,"name":"Acerca de","item":"https:\/\/climatecommunications.earth\/es\/acerca-de\/"},{"@type":"ListItem","position":3,"name":"Agradecimientos especiales"}]},{"@type":"WebSite","@id":"https:\/\/climatecommunications.earth\/es\/#website","url":"https:\/\/climatecommunications.earth\/es\/","name":"A New Era in Climate Communications","description":"","publisher":{"@id":"https:\/\/climatecommunications.earth\/es\/#organization"},"potentialAction":[{"@type":"SearchAction","target":{"@type":"EntryPoint","urlTemplate":"https:\/\/climatecommunications.earth\/es\/?s={search_term_string}"},"query-input":{"@type":"PropertyValueSpecification","valueRequired":true,"valueName":"search_term_string"}}],"inLanguage":"es"},{"@type":"Organization","@id":"https:\/\/climatecommunications.earth\/es\/#organization","name":"New Zero World","url":"https:\/\/climatecommunications.earth\/es\/","logo":{"@type":"ImageObject","inLanguage":"es","@id":"https:\/\/climatecommunications.earth\/es\/#\/schema\/logo\/image\/","url":"https:\/\/climatecommunications.earth\/wp-content\/uploads\/2023\/11\/65fc5cb892d8b14a5a262b91_download_thumb_expandedv2.png","contentUrl":"https:\/\/climatecommunications.earth\/wp-content\/uploads\/2023\/11\/65fc5cb892d8b14a5a262b91_download_thumb_expandedv2.png","width":455,"height":303,"caption":"New Zero World"},"image":{"@id":"https:\/\/climatecommunications.earth\/es\/#\/schema\/logo\/image\/"}}]}},"_links":{"self":[{"href":"https:\/\/climatecommunications.earth\/es\/wp-json\/wp\/v2\/pages\/7115","targetHints":{"allow":["GET"]}}],"collection":[{"href":"https:\/\/climatecommunications.earth\/es\/wp-json\/wp\/v2\/pages"}],"about":[{"href":"https:\/\/climatecommunications.earth\/es\/wp-json\/wp\/v2\/types\/page"}],"author":[{"embeddable":true,"href":"https:\/\/climatecommunications.earth\/es\/wp-json\/wp\/v2\/users\/3"}],"replies":[{"embeddable":true,"href":"https:\/\/climatecommunications.earth\/es\/wp-json\/wp\/v2\/comments?post=7115"}],"version-history":[{"count":1,"href":"https:\/\/climatecommunications.earth\/es\/wp-json\/wp\/v2\/pages\/7115\/revisions"}],"predecessor-version":[{"id":7116,"href":"https:\/\/climatecommunications.earth\/es\/wp-json\/wp\/v2\/pages\/7115\/revisions\/7116"}],"up":[{"embeddable":true,"href":"https:\/\/climatecommunications.earth\/es\/wp-json\/wp\/v2\/pages\/7140"}],"wp:attachment":[{"href":"https:\/\/climatecommunications.earth\/es\/wp-json\/wp\/v2\/media?parent=7115"}],"curies":[{"name":"wp","href":"https:\/\/api.w.org\/{rel}","templated":true}]}}