{"id":7118,"date":"2024-07-18T22:28:00","date_gmt":"2024-07-19T04:28:00","guid":{"rendered":"https:\/\/climatecommunications.earth\/descargar-el-documento-tecnico\/"},"modified":"2024-08-09T22:38:45","modified_gmt":"2024-08-09T22:38:45","slug":"descargar-el-documento-tecnico","status":"publish","type":"page","link":"https:\/\/climatecommunications.earth\/es\/descargar-el-documento-tecnico\/","title":{"rendered":"Descargue el documento t\u00e9cnico"},"content":{"rendered":"\t\t<div data-elementor-type=\"wp-page\" data-elementor-id=\"7118\" class=\"elementor elementor-7118 elementor-5834\" data-elementor-post-type=\"page\">\n\t\t\t\t<div class=\"elementor-element elementor-element-8f66cd5 e-flex e-con-boxed e-con e-parent\" data-id=\"8f66cd5\" data-element_type=\"container\" data-e-type=\"container\">\n\t\t\t\t\t<div class=\"e-con-inner\">\n\t\t\t\t<div class=\"elementor-element elementor-element-d88c2ba elementor-widget elementor-widget-heading\" data-id=\"d88c2ba\" data-element_type=\"widget\" data-e-type=\"widget\" data-widget_type=\"heading.default\">\n\t\t\t\t<div class=\"elementor-widget-container\">\n\t\t\t\t\t<h1 class=\"elementor-heading-title elementor-size-default\">Descargue el documento t\u00e9cnico  <\/h1>\t\t\t\t<\/div>\n\t\t\t\t<\/div>\n\t\t\t\t<div class=\"elementor-element elementor-element-c082704 elementor-widget elementor-widget-global elementor-global-5629 elementor-widget-html\" data-id=\"c082704\" data-element_type=\"widget\" data-e-type=\"widget\" data-widget_type=\"html.default\">\n\t\t\t\t<div class=\"elementor-widget-container\">\n\t\t\t\t\t<div class=\"gradient-rule\"><\/div>\t\t\t\t<\/div>\n\t\t\t\t<\/div>\n\t\t\t\t<div class=\"elementor-element elementor-element-ed7c76c elementor-widget elementor-widget-image\" data-id=\"ed7c76c\" data-element_type=\"widget\" data-e-type=\"widget\" data-widget_type=\"image.default\">\n\t\t\t\t<div class=\"elementor-widget-container\">\n\t\t\t\t\t\t\t\t\t\t\t\t\t\t\t\t<a href=\"https:\/\/newzeroworld.org\/wp-content\/uploads\/2024\/04\/whitepaper-final_compressed.pdf\" target=\"_blank\" rel=\"nofollow\">\n\t\t\t\t\t\t\t<img fetchpriority=\"high\" decoding=\"async\" width=\"353\" height=\"500\" src=\"https:\/\/climatecommunications.earth\/wp-content\/uploads\/2024\/07\/65fb28413d18870a95811b51_download_thumb.webp\" class=\"attachment-large size-large wp-image-6204\" alt=\"\" srcset=\"https:\/\/climatecommunications.earth\/wp-content\/uploads\/2024\/07\/65fb28413d18870a95811b51_download_thumb.webp 353w, https:\/\/climatecommunications.earth\/wp-content\/uploads\/2024\/07\/65fb28413d18870a95811b51_download_thumb-212x300.webp 212w\" sizes=\"(max-width: 353px) 100vw, 353px\" \/>\t\t\t\t\t\t\t\t<\/a>\n\t\t\t\t\t\t\t\t\t\t\t\t\t\t\t<\/div>\n\t\t\t\t<\/div>\n\t\t\t\t<div class=\"elementor-element elementor-element-a3e6245 elementor-widget elementor-widget-text-editor\" data-id=\"a3e6245\" data-element_type=\"widget\" data-e-type=\"widget\" data-widget_type=\"text-editor.default\">\n\t\t\t\t<div class=\"elementor-widget-container\">\n\t\t\t\t\t\t\t\t\t<p><a href=\"https:\/\/newzeroworld.org\/wp-content\/uploads\/2024\/04\/whitepaper-final_compressed.pdf\">Haga clic para descargar el documento t\u00e9cnico<\/a><\/p>\t\t\t\t\t\t\t\t<\/div>\n\t\t\t\t<\/div>\n\t\t\t\t<div class=\"elementor-element elementor-element-3e0cff6 elementor-widget elementor-widget-text-editor\" data-id=\"3e0cff6\" data-element_type=\"widget\" data-e-type=\"widget\" data-widget_type=\"text-editor.default\">\n\t\t\t\t<div class=\"elementor-widget-container\">\n\t\t\t\t\t\t\t\t\t<p><em>La descarga solo est\u00e1 disponible en ingl\u00e9s.<\/em><\/p>\t\t\t\t\t\t\t\t<\/div>\n\t\t\t\t<\/div>\n\t\t\t\t\t<\/div>\n\t\t\t\t<\/div>\n\t\t\t\t<\/div>\n\t\t","protected":false},"excerpt":{"rendered":"<p>Descargue el documento t\u00e9cnico Haga clic para descargar el documento t\u00e9cnico La descarga solo est\u00e1 disponible en ingl\u00e9s.<\/p>\n","protected":false},"author":3,"featured_media":0,"parent":0,"menu_order":0,"comment_status":"closed","ping_status":"closed","template":"","meta":{"footnotes":""},"class_list":["post-7118","page","type-page","status-publish","hentry"],"yoast_head":"<!-- This site is optimized with the Yoast SEO plugin v27.3 - https:\/\/yoast.com\/product\/yoast-seo-wordpress\/ -->\n<title>Descargue el documento t\u00e9cnico - A New Era in Climate Communications<\/title>\n<meta name=\"robots\" content=\"noindex, follow\" \/>\n<meta property=\"og:locale\" content=\"es_ES\" \/>\n<meta property=\"og:type\" content=\"article\" \/>\n<meta property=\"og:title\" content=\"Descargue el documento t\u00e9cnico - A New Era in Climate Communications\" \/>\n<meta property=\"og:description\" content=\"Descargue el documento t\u00e9cnico Haga clic para descargar el documento t\u00e9cnico La descarga solo est\u00e1 disponible en ingl\u00e9s.\" \/>\n<meta property=\"og:url\" content=\"https:\/\/climatecommunications.earth\/es\/descargar-el-documento-tecnico\/\" \/>\n<meta property=\"og:site_name\" content=\"A New Era in Climate Communications\" \/>\n<meta property=\"article:modified_time\" content=\"2024-08-09T22:38:45+00:00\" \/>\n<meta property=\"og:image\" content=\"https:\/\/climatecommunications.earth\/wp-content\/uploads\/2024\/07\/65fb28413d18870a95811b51_download_thumb.webp\" \/>\n<meta name=\"twitter:card\" content=\"summary_large_image\" \/>\n<meta name=\"twitter:label1\" content=\"Tiempo de lectura\" \/>\n\t<meta name=\"twitter:data1\" content=\"1 minuto\" \/>\n<script type=\"application\/ld+json\" class=\"yoast-schema-graph\">{\"@context\":\"https:\\\/\\\/schema.org\",\"@graph\":[{\"@type\":\"WebPage\",\"@id\":\"https:\\\/\\\/climatecommunications.earth\\\/es\\\/descargar-el-documento-tecnico\\\/\",\"url\":\"https:\\\/\\\/climatecommunications.earth\\\/es\\\/descargar-el-documento-tecnico\\\/\",\"name\":\"Descargue el documento t\u00e9cnico - A New Era in Climate Communications\",\"isPartOf\":{\"@id\":\"https:\\\/\\\/climatecommunications.earth\\\/es\\\/#website\"},\"primaryImageOfPage\":{\"@id\":\"https:\\\/\\\/climatecommunications.earth\\\/es\\\/descargar-el-documento-tecnico\\\/#primaryimage\"},\"image\":{\"@id\":\"https:\\\/\\\/climatecommunications.earth\\\/es\\\/descargar-el-documento-tecnico\\\/#primaryimage\"},\"thumbnailUrl\":\"https:\\\/\\\/climatecommunications.earth\\\/wp-content\\\/uploads\\\/2024\\\/07\\\/65fb28413d18870a95811b51_download_thumb.webp\",\"datePublished\":\"2024-07-19T04:28:00+00:00\",\"dateModified\":\"2024-08-09T22:38:45+00:00\",\"breadcrumb\":{\"@id\":\"https:\\\/\\\/climatecommunications.earth\\\/es\\\/descargar-el-documento-tecnico\\\/#breadcrumb\"},\"inLanguage\":\"es\",\"potentialAction\":[{\"@type\":\"ReadAction\",\"target\":[\"https:\\\/\\\/climatecommunications.earth\\\/es\\\/descargar-el-documento-tecnico\\\/\"]}]},{\"@type\":\"ImageObject\",\"inLanguage\":\"es\",\"@id\":\"https:\\\/\\\/climatecommunications.earth\\\/es\\\/descargar-el-documento-tecnico\\\/#primaryimage\",\"url\":\"https:\\\/\\\/climatecommunications.earth\\\/wp-content\\\/uploads\\\/2024\\\/07\\\/65fb28413d18870a95811b51_download_thumb.webp\",\"contentUrl\":\"https:\\\/\\\/climatecommunications.earth\\\/wp-content\\\/uploads\\\/2024\\\/07\\\/65fb28413d18870a95811b51_download_thumb.webp\"},{\"@type\":\"BreadcrumbList\",\"@id\":\"https:\\\/\\\/climatecommunications.earth\\\/es\\\/descargar-el-documento-tecnico\\\/#breadcrumb\",\"itemListElement\":[{\"@type\":\"ListItem\",\"position\":1,\"name\":\"Home\",\"item\":\"https:\\\/\\\/climatecommunications.earth\\\/es\\\/\"},{\"@type\":\"ListItem\",\"position\":2,\"name\":\"Descargue el documento t\u00e9cnico\"}]},{\"@type\":\"WebSite\",\"@id\":\"https:\\\/\\\/climatecommunications.earth\\\/es\\\/#website\",\"url\":\"https:\\\/\\\/climatecommunications.earth\\\/es\\\/\",\"name\":\"A New Era in Climate Communications\",\"description\":\"\",\"publisher\":{\"@id\":\"https:\\\/\\\/climatecommunications.earth\\\/es\\\/#organization\"},\"potentialAction\":[{\"@type\":\"SearchAction\",\"target\":{\"@type\":\"EntryPoint\",\"urlTemplate\":\"https:\\\/\\\/climatecommunications.earth\\\/es\\\/?s={search_term_string}\"},\"query-input\":{\"@type\":\"PropertyValueSpecification\",\"valueRequired\":true,\"valueName\":\"search_term_string\"}}],\"inLanguage\":\"es\"},{\"@type\":\"Organization\",\"@id\":\"https:\\\/\\\/climatecommunications.earth\\\/es\\\/#organization\",\"name\":\"New Zero World\",\"url\":\"https:\\\/\\\/climatecommunications.earth\\\/es\\\/\",\"logo\":{\"@type\":\"ImageObject\",\"inLanguage\":\"es\",\"@id\":\"https:\\\/\\\/climatecommunications.earth\\\/es\\\/#\\\/schema\\\/logo\\\/image\\\/\",\"url\":\"https:\\\/\\\/climatecommunications.earth\\\/wp-content\\\/uploads\\\/2023\\\/11\\\/65fc5cb892d8b14a5a262b91_download_thumb_expandedv2.png\",\"contentUrl\":\"https:\\\/\\\/climatecommunications.earth\\\/wp-content\\\/uploads\\\/2023\\\/11\\\/65fc5cb892d8b14a5a262b91_download_thumb_expandedv2.png\",\"width\":455,\"height\":303,\"caption\":\"New Zero World\"},\"image\":{\"@id\":\"https:\\\/\\\/climatecommunications.earth\\\/es\\\/#\\\/schema\\\/logo\\\/image\\\/\"}}]}<\/script>\n<!-- \/ Yoast SEO plugin. -->","yoast_head_json":{"title":"Descargue el documento t\u00e9cnico - A New Era in Climate Communications","robots":{"index":"noindex","follow":"follow"},"og_locale":"es_ES","og_type":"article","og_title":"Descargue el documento t\u00e9cnico - A New Era in Climate Communications","og_description":"Descargue el documento t\u00e9cnico Haga clic para descargar el documento t\u00e9cnico La descarga solo est\u00e1 disponible en ingl\u00e9s.","og_url":"https:\/\/climatecommunications.earth\/es\/descargar-el-documento-tecnico\/","og_site_name":"A New Era in Climate Communications","article_modified_time":"2024-08-09T22:38:45+00:00","og_image":[{"url":"https:\/\/climatecommunications.earth\/wp-content\/uploads\/2024\/07\/65fb28413d18870a95811b51_download_thumb.webp","type":"","width":"","height":""}],"twitter_card":"summary_large_image","twitter_misc":{"Tiempo de lectura":"1 minuto"},"schema":{"@context":"https:\/\/schema.org","@graph":[{"@type":"WebPage","@id":"https:\/\/climatecommunications.earth\/es\/descargar-el-documento-tecnico\/","url":"https:\/\/climatecommunications.earth\/es\/descargar-el-documento-tecnico\/","name":"Descargue el documento t\u00e9cnico - A New Era in Climate Communications","isPartOf":{"@id":"https:\/\/climatecommunications.earth\/es\/#website"},"primaryImageOfPage":{"@id":"https:\/\/climatecommunications.earth\/es\/descargar-el-documento-tecnico\/#primaryimage"},"image":{"@id":"https:\/\/climatecommunications.earth\/es\/descargar-el-documento-tecnico\/#primaryimage"},"thumbnailUrl":"https:\/\/climatecommunications.earth\/wp-content\/uploads\/2024\/07\/65fb28413d18870a95811b51_download_thumb.webp","datePublished":"2024-07-19T04:28:00+00:00","dateModified":"2024-08-09T22:38:45+00:00","breadcrumb":{"@id":"https:\/\/climatecommunications.earth\/es\/descargar-el-documento-tecnico\/#breadcrumb"},"inLanguage":"es","potentialAction":[{"@type":"ReadAction","target":["https:\/\/climatecommunications.earth\/es\/descargar-el-documento-tecnico\/"]}]},{"@type":"ImageObject","inLanguage":"es","@id":"https:\/\/climatecommunications.earth\/es\/descargar-el-documento-tecnico\/#primaryimage","url":"https:\/\/climatecommunications.earth\/wp-content\/uploads\/2024\/07\/65fb28413d18870a95811b51_download_thumb.webp","contentUrl":"https:\/\/climatecommunications.earth\/wp-content\/uploads\/2024\/07\/65fb28413d18870a95811b51_download_thumb.webp"},{"@type":"BreadcrumbList","@id":"https:\/\/climatecommunications.earth\/es\/descargar-el-documento-tecnico\/#breadcrumb","itemListElement":[{"@type":"ListItem","position":1,"name":"Home","item":"https:\/\/climatecommunications.earth\/es\/"},{"@type":"ListItem","position":2,"name":"Descargue el documento t\u00e9cnico"}]},{"@type":"WebSite","@id":"https:\/\/climatecommunications.earth\/es\/#website","url":"https:\/\/climatecommunications.earth\/es\/","name":"A New Era in Climate Communications","description":"","publisher":{"@id":"https:\/\/climatecommunications.earth\/es\/#organization"},"potentialAction":[{"@type":"SearchAction","target":{"@type":"EntryPoint","urlTemplate":"https:\/\/climatecommunications.earth\/es\/?s={search_term_string}"},"query-input":{"@type":"PropertyValueSpecification","valueRequired":true,"valueName":"search_term_string"}}],"inLanguage":"es"},{"@type":"Organization","@id":"https:\/\/climatecommunications.earth\/es\/#organization","name":"New Zero World","url":"https:\/\/climatecommunications.earth\/es\/","logo":{"@type":"ImageObject","inLanguage":"es","@id":"https:\/\/climatecommunications.earth\/es\/#\/schema\/logo\/image\/","url":"https:\/\/climatecommunications.earth\/wp-content\/uploads\/2023\/11\/65fc5cb892d8b14a5a262b91_download_thumb_expandedv2.png","contentUrl":"https:\/\/climatecommunications.earth\/wp-content\/uploads\/2023\/11\/65fc5cb892d8b14a5a262b91_download_thumb_expandedv2.png","width":455,"height":303,"caption":"New Zero World"},"image":{"@id":"https:\/\/climatecommunications.earth\/es\/#\/schema\/logo\/image\/"}}]}},"_links":{"self":[{"href":"https:\/\/climatecommunications.earth\/es\/wp-json\/wp\/v2\/pages\/7118","targetHints":{"allow":["GET"]}}],"collection":[{"href":"https:\/\/climatecommunications.earth\/es\/wp-json\/wp\/v2\/pages"}],"about":[{"href":"https:\/\/climatecommunications.earth\/es\/wp-json\/wp\/v2\/types\/page"}],"author":[{"embeddable":true,"href":"https:\/\/climatecommunications.earth\/es\/wp-json\/wp\/v2\/users\/3"}],"replies":[{"embeddable":true,"href":"https:\/\/climatecommunications.earth\/es\/wp-json\/wp\/v2\/comments?post=7118"}],"version-history":[{"count":7,"href":"https:\/\/climatecommunications.earth\/es\/wp-json\/wp\/v2\/pages\/7118\/revisions"}],"predecessor-version":[{"id":7547,"href":"https:\/\/climatecommunications.earth\/es\/wp-json\/wp\/v2\/pages\/7118\/revisions\/7547"}],"wp:attachment":[{"href":"https:\/\/climatecommunications.earth\/es\/wp-json\/wp\/v2\/media?parent=7118"}],"curies":[{"name":"wp","href":"https:\/\/api.w.org\/{rel}","templated":true}]}}